{"id":10272,"date":"2024-04-15T15:19:11","date_gmt":"2024-04-15T13:19:11","guid":{"rendered":"https:\/\/dev.castroprojects.it\/eventi-library\/"},"modified":"2024-07-18T18:17:06","modified_gmt":"2024-07-18T16:17:06","slug":"library-events","status":"publish","type":"page","link":"https:\/\/castroprojects.it\/en\/library-events\/","title":{"rendered":"Library events"},"content":{"rendered":"\t\t<div data-elementor-type=\"wp-page\" data-elementor-id=\"10272\" class=\"elementor elementor-10272 elementor-9735\" data-elementor-post-type=\"page\">\n\t\t\t\t<div class=\"elementor-element elementor-element-301cefc e-flex e-con-boxed qodef-elementor-content-no e-con e-parent\" data-id=\"301cefc\" data-element_type=\"container\" data-core-v316-plus=\"true\">\n\t\t\t\t\t<div class=\"e-con-inner\">\n\t\t\t\t<div class=\"elementor-element elementor-element-e2b04e9 elementor-widget elementor-widget-heading\" data-id=\"e2b04e9\" data-element_type=\"widget\" data-widget_type=\"heading.default\">\n\t\t\t\t<div class=\"elementor-widget-container\">\n\t\t\t<style>\/*! elementor - v3.20.0 - 26-03-2024 *\/\n.elementor-heading-title{padding:0;margin:0;line-height:1}.elementor-widget-heading .elementor-heading-title[class*=elementor-size-]>a{color:inherit;font-size:inherit;line-height:inherit}.elementor-widget-heading .elementor-heading-title.elementor-size-small{font-size:15px}.elementor-widget-heading .elementor-heading-title.elementor-size-medium{font-size:19px}.elementor-widget-heading .elementor-heading-title.elementor-size-large{font-size:29px}.elementor-widget-heading .elementor-heading-title.elementor-size-xl{font-size:39px}.elementor-widget-heading .elementor-heading-title.elementor-size-xxl{font-size:59px}<\/style><h2 class=\"elementor-heading-title elementor-size-default\">Library Events<\/h2>\t\t<\/div>\n\t\t\t\t<\/div>\n\t\t\t\t\t<\/div>\n\t\t\t\t<\/div>\n\t\t<div class=\"elementor-element elementor-element-a68b696 e-con-full e-flex qodef-elementor-content-no e-con e-parent\" data-id=\"a68b696\" data-element_type=\"container\" data-core-v316-plus=\"true\">\n\t\t\t\t<div class=\"elementor-element elementor-element-f788cba elementor-widget elementor-widget-boldlab_core_blog_list\" data-id=\"f788cba\" data-element_type=\"widget\" data-widget_type=\"boldlab_core_blog_list.default\">\n\t\t\t\t<div class=\"elementor-widget-container\">\n\t\t\t<div class=\"qodef-shortcode qodef-m  qodef-blog qodef-item-layout--metro  qodef-grid qodef-layout--masonry qodef-items--fixed qodef-gutter--no qodef-col-num--3 qodef-item-layout--metro qodef-filter--on qodef--no-bottom-space qodef-pagination--off qodef-responsive--predefined\" data-options=\"{&quot;plugin&quot;:&quot;boldlab_core&quot;,&quot;module&quot;:&quot;blog\\\/shortcodes&quot;,&quot;shortcode&quot;:&quot;blog-list&quot;,&quot;post_type&quot;:&quot;post&quot;,&quot;next_page&quot;:&quot;2&quot;,&quot;max_pages_num&quot;:0,&quot;behavior&quot;:&quot;masonry&quot;,&quot;masonry_images_proportion&quot;:&quot;fixed&quot;,&quot;columns&quot;:&quot;3&quot;,&quot;space&quot;:&quot;no&quot;,&quot;columns_responsive&quot;:&quot;predefined&quot;,&quot;orderby&quot;:&quot;date&quot;,&quot;order&quot;:&quot;DESC&quot;,&quot;additional_params&quot;:&quot;tax&quot;,&quot;tax&quot;:&quot;category&quot;,&quot;tax_slug&quot;:&quot;library-events&quot;,&quot;layout&quot;:&quot;metro&quot;,&quot;title_tag&quot;:&quot;h3&quot;,&quot;enable_filter&quot;:&quot;yes&quot;,&quot;pagination_type&quot;:&quot;no-pagination&quot;,&quot;object_class_name&quot;:&quot;BoldlabCoreBlogListShortcode&quot;,&quot;taxonomy_filter&quot;:&quot;category&quot;,&quot;additional_query_args&quot;:{&quot;tax_query&quot;:[{&quot;taxonomy&quot;:&quot;category&quot;,&quot;field&quot;:&quot;slug&quot;,&quot;terms&quot;:&quot;library-events&quot;}]},&quot;justified_attr&quot;:&quot;{\\&quot;rowHeight\\&quot;:\\&quot;\\&quot;,\\&quot;spaceBetween\\&quot;:0}&quot;,&quot;title_styles&quot;:[]}\" data-justified-options=\"{&quot;rowHeight&quot;:&quot;&quot;,&quot;spaceBetween&quot;:0}\">\n\t\t<div class=\"qodef-m-filter\">\n\t\t\t\t\t<div class=\"qodef-m-filter-items\">\n\t\t\t\t<a class=\"qodef-m-filter-item qodef--active\" href=\"#\" data-taxonomy=\"category\" data-filter=\"*\">\n\t\t\t\t\t<span class=\"qodef-m-filter-item-name\">Show All<\/span>\n\t\t\t\t<\/a>\n\t\t\t\t\t\t\t\t\t<a class=\"qodef-m-filter-item\" href=\"#\" data-taxonomy=\"category\" data-filter=\"2022-en-3\">\n\t\t\t\t\t\t<span class=\"qodef-m-filter-item-name\">2022<\/span>\n\t\t\t\t\t<\/a>\n\t\t\t\t\t\t\t\t\t<a class=\"qodef-m-filter-item\" href=\"#\" data-taxonomy=\"category\" data-filter=\"2023-en-3\">\n\t\t\t\t\t\t<span class=\"qodef-m-filter-item-name\">2023<\/span>\n\t\t\t\t\t<\/a>\n\t\t\t\t\t\t\t\t\t<a class=\"qodef-m-filter-item\" href=\"#\" data-taxonomy=\"category\" data-filter=\"2024-en-4\">\n\t\t\t\t\t\t<span class=\"qodef-m-filter-item-name\">2024<\/span>\n\t\t\t\t\t<\/a>\n\t\t\t\t\t\t\t\t\t<a class=\"qodef-m-filter-item\" href=\"#\" data-taxonomy=\"category\" data-filter=\"2025-library-events\">\n\t\t\t\t\t\t<span class=\"qodef-m-filter-item-name\">2025<\/span>\n\t\t\t\t\t<\/a>\n\t\t\t\t\t\t\t<\/div>\n\t\t\t<\/div>\n\t<div class=\"qodef-grid-inner clear\">\n\t\t\t<div class=\"qodef-grid-masonry-sizer\"><\/div>\n\t<div class=\"qodef-grid-masonry-gutter\"><\/div>\n<article class=\"qodef-e qodef-grid-item qodef-item--square post-20374 post type-post status-publish format-standard hentry category-2025-events-2 category-2025-library-events category-events-2 category-library-events\">\n    <div class=\"qodef-e-inner\">\n\t\t\t<div class=\"qodef-e-media-image qodef--background\" style=\"background-image: url( https:\/\/castroprojects.it\/wp-content\/uploads\/2025\/12\/immagine-castro-650x650.png)\">\n\t\t<img fetchpriority=\"high\" decoding=\"async\" width=\"650\" height=\"650\" src=\"https:\/\/castroprojects.it\/wp-content\/uploads\/2025\/12\/immagine-castro-650x650.png\" class=\"attachment-boldlab_image_size_square size-boldlab_image_size_square\" alt=\"\" srcset=\"https:\/\/castroprojects.it\/wp-content\/uploads\/2025\/12\/immagine-castro-650x650.png 650w, https:\/\/castroprojects.it\/wp-content\/uploads\/2025\/12\/immagine-castro-150x150.png 150w, https:\/\/castroprojects.it\/wp-content\/uploads\/2025\/12\/immagine-castro-1300x1300.png 1300w\" sizes=\"(max-width: 650px) 100vw, 650px\" \/>\t<\/div>\n        <div class=\"qodef-e-content\">\n            <div class=\"qodef-e-info qodef-info--top\">\n\t\t\t\t<div itemprop=\"dateCreated\" class=\"qodef-e-info-item qodef-e-info-date entry-date published updated\">\n\t<a itemprop=\"url\" href=\"https:\/\/castroprojects.it\/en\/2025\/12\/\">15 December 2025<\/a>\n\t<meta itemprop=\"interactionCount\" content=\"UserComments: 0\"\/>\n<\/div>            <\/div>\n\t\t\t<h3 itemprop=\"name\" class=\"qodef-e-title entry-title\" >\n\t<a itemprop=\"url\" class=\"qodef-e-title-link\" href=\"https:\/\/castroprojects.it\/en\/self-initiated-institutions-by-ginevra-ludovici\/\">\n\t\tSELF INITIATED INSTITUTIONS BY GINEVRA LUDOVICI\t<\/a>\n<\/h3>        <\/div>\n\t\t<a itemprop=\"url\" class=\"qodef-e-post-link\" href=\"https:\/\/castroprojects.it\/en\/self-initiated-institutions-by-ginevra-ludovici\/\"><\/a>    <\/div>\n<\/article><article class=\"qodef-e qodef-grid-item qodef-item--square post-20425 post type-post status-publish format-standard hentry category-2025-eventi-library category-2025-library-events category-2025-eventi category-2025-events-2 category-eventi category-eventi-library category-events-2 category-library-events\">\n    <div class=\"qodef-e-inner\">\n\t\t\t<div class=\"qodef-e-media-image qodef--background\" style=\"background-image: url( https:\/\/castroprojects.it\/wp-content\/uploads\/2025\/12\/photo_5850201385570339623_y-1-650x650.jpg)\">\n\t\t<img decoding=\"async\" width=\"650\" height=\"650\" src=\"https:\/\/castroprojects.it\/wp-content\/uploads\/2025\/12\/photo_5850201385570339623_y-1-650x650.jpg\" class=\"attachment-boldlab_image_size_square size-boldlab_image_size_square\" alt=\"\" srcset=\"https:\/\/castroprojects.it\/wp-content\/uploads\/2025\/12\/photo_5850201385570339623_y-1-650x650.jpg 650w, https:\/\/castroprojects.it\/wp-content\/uploads\/2025\/12\/photo_5850201385570339623_y-1-150x150.jpg 150w\" sizes=\"(max-width: 650px) 100vw, 650px\" \/>\t<\/div>\n        <div class=\"qodef-e-content\">\n            <div class=\"qodef-e-info qodef-info--top\">\n\t\t\t\t<div itemprop=\"dateCreated\" class=\"qodef-e-info-item qodef-e-info-date entry-date published updated\">\n\t<a itemprop=\"url\" href=\"https:\/\/castroprojects.it\/en\/2025\/12\/\">1 December 2025<\/a>\n\t<meta itemprop=\"interactionCount\" content=\"UserComments: 0\"\/>\n<\/div>            <\/div>\n\t\t\t<h3 itemprop=\"name\" class=\"qodef-e-title entry-title\" >\n\t<a itemprop=\"url\" class=\"qodef-e-title-link\" href=\"https:\/\/castroprojects.it\/en\/eciclopedia-degli-usi-e-costumi-del-futuro-con-summa-alu\/\">\n\t\tECICLOPEDIA DEGLI USI E COSTUMI DEL FUTURO CON \u0160UMMA \u0100LU\t<\/a>\n<\/h3>        <\/div>\n\t\t<a itemprop=\"url\" class=\"qodef-e-post-link\" href=\"https:\/\/castroprojects.it\/en\/eciclopedia-degli-usi-e-costumi-del-futuro-con-summa-alu\/\"><\/a>    <\/div>\n<\/article><article class=\"qodef-e qodef-grid-item qodef-item--square post-10597 post type-post status-publish format-standard hentry category-2024-en category-2024-en-4\">\n    <div class=\"qodef-e-inner\">\n\t\t\t<div class=\"qodef-e-media-image qodef--background\" style=\"background-image: url( https:\/\/castroprojects.it\/wp-content\/uploads\/2024\/04\/Senza-titolo-11-1-650x650.jpg)\">\n\t\t<img decoding=\"async\" width=\"650\" height=\"650\" src=\"https:\/\/castroprojects.it\/wp-content\/uploads\/2024\/04\/Senza-titolo-11-1-650x650.jpg\" class=\"attachment-boldlab_image_size_square size-boldlab_image_size_square\" alt=\"\" srcset=\"https:\/\/castroprojects.it\/wp-content\/uploads\/2024\/04\/Senza-titolo-11-1-650x650.jpg 650w, https:\/\/castroprojects.it\/wp-content\/uploads\/2024\/04\/Senza-titolo-11-1-300x300.jpg 300w, https:\/\/castroprojects.it\/wp-content\/uploads\/2024\/04\/Senza-titolo-11-1-1024x1024.jpg 1024w, https:\/\/castroprojects.it\/wp-content\/uploads\/2024\/04\/Senza-titolo-11-1-150x150.jpg 150w, https:\/\/castroprojects.it\/wp-content\/uploads\/2024\/04\/Senza-titolo-11-1-768x768.jpg 768w, https:\/\/castroprojects.it\/wp-content\/uploads\/2024\/04\/Senza-titolo-11-1.jpg 1080w\" sizes=\"(max-width: 650px) 100vw, 650px\" \/>\t<\/div>\n        <div class=\"qodef-e-content\">\n            <div class=\"qodef-e-info qodef-info--top\">\n\t\t\t\t<div itemprop=\"dateCreated\" class=\"qodef-e-info-item qodef-e-info-date entry-date published updated\">\n\t<a itemprop=\"url\" href=\"https:\/\/castroprojects.it\/en\/2024\/04\/\">23 April 2024<\/a>\n\t<meta itemprop=\"interactionCount\" content=\"UserComments: 0\"\/>\n<\/div>            <\/div>\n\t\t\t<h3 itemprop=\"name\" class=\"qodef-e-title entry-title\" >\n\t<a itemprop=\"url\" class=\"qodef-e-title-link\" href=\"https:\/\/castroprojects.it\/en\/talk-ahmet-ogut-on-radical-pedagogy\/\">\n\t\tTalk: Ahmet \u00d6\u011f\u00fct on Radical Pedagogy\t<\/a>\n<\/h3>        <\/div>\n\t\t<a itemprop=\"url\" class=\"qodef-e-post-link\" href=\"https:\/\/castroprojects.it\/en\/talk-ahmet-ogut-on-radical-pedagogy\/\"><\/a>    <\/div>\n<\/article><article class=\"qodef-e qodef-grid-item qodef-item--full post-16076 post type-post status-publish format-standard has-post-thumbnail hentry category-2024-en category-2024-en-4\">\n    <div class=\"qodef-e-inner\">\n\t\t\t<div class=\"qodef-e-media-image qodef--background\" style=\"background-image: url( https:\/\/castroprojects.it\/wp-content\/uploads\/2024\/05\/thumbnail_Letture-di-cura-5-Castro-Projects-Ayse-1.jpg)\">\n\t\t<img loading=\"lazy\" decoding=\"async\" width=\"1080\" height=\"1080\" src=\"https:\/\/castroprojects.it\/wp-content\/uploads\/2024\/05\/thumbnail_Letture-di-cura-5-Castro-Projects-Ayse-1.jpg\" class=\"attachment-full size-full wp-post-image\" alt=\"\" srcset=\"https:\/\/castroprojects.it\/wp-content\/uploads\/2024\/05\/thumbnail_Letture-di-cura-5-Castro-Projects-Ayse-1.jpg 1080w, https:\/\/castroprojects.it\/wp-content\/uploads\/2024\/05\/thumbnail_Letture-di-cura-5-Castro-Projects-Ayse-1-300x300.jpg 300w, https:\/\/castroprojects.it\/wp-content\/uploads\/2024\/05\/thumbnail_Letture-di-cura-5-Castro-Projects-Ayse-1-1024x1024.jpg 1024w, https:\/\/castroprojects.it\/wp-content\/uploads\/2024\/05\/thumbnail_Letture-di-cura-5-Castro-Projects-Ayse-1-150x150.jpg 150w, https:\/\/castroprojects.it\/wp-content\/uploads\/2024\/05\/thumbnail_Letture-di-cura-5-Castro-Projects-Ayse-1-768x768.jpg 768w, https:\/\/castroprojects.it\/wp-content\/uploads\/2024\/05\/thumbnail_Letture-di-cura-5-Castro-Projects-Ayse-1-650x650.jpg 650w\" sizes=\"(max-width: 1080px) 100vw, 1080px\" \/>\t<\/div>\n        <div class=\"qodef-e-content\">\n            <div class=\"qodef-e-info qodef-info--top\">\n\t\t\t\t<div itemprop=\"dateCreated\" class=\"qodef-e-info-item qodef-e-info-date entry-date published updated\">\n\t<a itemprop=\"url\" href=\"https:\/\/castroprojects.it\/en\/16076\/\">15 April 2024<\/a>\n\t<meta itemprop=\"interactionCount\" content=\"UserComments: 0\"\/>\n<\/div>            <\/div>\n\t\t\t<h3 itemprop=\"name\" class=\"qodef-e-title entry-title\" >\n\t<a itemprop=\"url\" class=\"qodef-e-title-link\" href=\"https:\/\/castroprojects.it\/en\/16076\/\">\n\t\t\t<\/a>\n<\/h3>        <\/div>\n\t\t<a itemprop=\"url\" class=\"qodef-e-post-link\" href=\"https:\/\/castroprojects.it\/en\/16076\/\"><\/a>    <\/div>\n<\/article><article class=\"qodef-e qodef-grid-item qodef-item--square post-6236 post type-post status-publish format-standard has-post-thumbnail hentry category-2024-en category-2024-en-4\">\n    <div class=\"qodef-e-inner\">\n\t\t\t<div class=\"qodef-e-media-image qodef--background\" style=\"background-image: url( https:\/\/castroprojects.it\/wp-content\/uploads\/2024\/03\/imagine-mads-650x576.jpg)\">\n\t\t<img loading=\"lazy\" decoding=\"async\" width=\"650\" height=\"576\" src=\"https:\/\/castroprojects.it\/wp-content\/uploads\/2024\/03\/imagine-mads-650x576.jpg\" class=\"attachment-boldlab_image_size_square size-boldlab_image_size_square\" alt=\"\" \/>\t<\/div>\n        <div class=\"qodef-e-content\">\n            <div class=\"qodef-e-info qodef-info--top\">\n\t\t\t\t<div itemprop=\"dateCreated\" class=\"qodef-e-info-item qodef-e-info-date entry-date published updated\">\n\t<a itemprop=\"url\" href=\"https:\/\/castroprojects.it\/en\/2024\/03\/\">19 March 2024<\/a>\n\t<meta itemprop=\"interactionCount\" content=\"UserComments: 0\"\/>\n<\/div>            <\/div>\n\t\t\t<h3 itemprop=\"name\" class=\"qodef-e-title entry-title\" >\n\t<a itemprop=\"url\" class=\"qodef-e-title-link\" href=\"https:\/\/castroprojects.it\/en\/a-presentation-of-the-publication-ten-ticlkes-my-fancy-di-madison-bycroft\/\">\n\t\t&#8220;Ten Tickles, My Fancy&#8221; by Madison Bycroft\t<\/a>\n<\/h3>        <\/div>\n\t\t<a itemprop=\"url\" class=\"qodef-e-post-link\" href=\"https:\/\/castroprojects.it\/en\/a-presentation-of-the-publication-ten-ticlkes-my-fancy-di-madison-bycroft\/\"><\/a>    <\/div>\n<\/article><article class=\"qodef-e qodef-grid-item qodef-item--full post-5896 post type-post status-publish format-standard hentry category-2023-en-3 category-non-categorizzato\">\n    <div class=\"qodef-e-inner\">\n\t\t        <div class=\"qodef-e-content\">\n            <div class=\"qodef-e-info qodef-info--top\">\n\t\t\t\t<div itemprop=\"dateCreated\" class=\"qodef-e-info-item qodef-e-info-date entry-date published updated\">\n\t<a itemprop=\"url\" href=\"https:\/\/castroprojects.it\/en\/2023\/10\/\">25 October 2023<\/a>\n\t<meta itemprop=\"interactionCount\" content=\"UserComments: 0\"\/>\n<\/div>            <\/div>\n\t\t\t<h3 itemprop=\"name\" class=\"qodef-e-title entry-title\" >\n\t<a itemprop=\"url\" class=\"qodef-e-title-link\" href=\"https:\/\/castroprojects.it\/en\/chris-rawcliffe\/\">\n\t\tChris Rawcliffe\t<\/a>\n<\/h3>        <\/div>\n\t\t<a itemprop=\"url\" class=\"qodef-e-post-link\" href=\"https:\/\/castroprojects.it\/en\/chris-rawcliffe\/\"><\/a>    <\/div>\n<\/article>\t<\/div>\n\t<\/div>\t\t<\/div>\n\t\t\t\t<\/div>\n\t\t\t\t<\/div>\n\t\t\t\t<\/div>\n\t\t","protected":false},"excerpt":{"rendered":"<p>Library Events Show All 2022 2024 23 Aprile 2024 Talk: Ahmet \u00d6\u011f\u00fct on Radical Pedagogy 15 Aprile 2024 19 Marzo 2024 &#8220;Ten Ticlkes, My Fancy&#8221; di Madison Bycroft<\/p>\n","protected":false},"author":1,"featured_media":0,"parent":0,"menu_order":0,"comment_status":"closed","ping_status":"closed","template":"","meta":{"footnotes":""},"class_list":["post-10272","page","type-page","status-publish","hentry"],"yoast_head":"<!-- This site is optimized with the Yoast SEO plugin v22.7 - https:\/\/yoast.com\/wordpress\/plugins\/seo\/ -->\n<title>Library events | Castro Projects<\/title>\n<meta name=\"robots\" content=\"index, follow, max-snippet:-1, max-image-preview:large, max-video-preview:-1\" \/>\n<link rel=\"canonical\" href=\"https:\/\/castroprojects.it\/eventi-library\/\" \/>\n<meta property=\"og:locale\" content=\"en_US\" \/>\n<meta property=\"og:type\" content=\"article\" \/>\n<meta property=\"og:title\" content=\"Library events | Castro Projects\" \/>\n<meta property=\"og:description\" content=\"Library Events Show All 2022 2024 23 Aprile 2024 Talk: Ahmet \u00d6\u011f\u00fct on Radical Pedagogy 15 Aprile 2024 19 Marzo 2024 &#8220;Ten Ticlkes, My Fancy&#8221; di Madison Bycroft\" \/>\n<meta property=\"og:url\" content=\"https:\/\/castroprojects.it\/eventi-library\/\" \/>\n<meta property=\"og:site_name\" content=\"Castro Projects\" \/>\n<meta property=\"article:modified_time\" content=\"2024-07-18T16:17:06+00:00\" \/>\n<meta property=\"og:image\" content=\"https:\/\/castroprojects.it\/wp-content\/uploads\/2024\/07\/15-2-650x650.jpg\" \/>\n<meta name=\"twitter:card\" content=\"summary_large_image\" \/>\n<meta name=\"twitter:label1\" content=\"Est. reading time\" \/>\n\t<meta name=\"twitter:data1\" content=\"1 minute\" \/>\n<script type=\"application\/ld+json\" class=\"yoast-schema-graph\">{\"@context\":\"https:\/\/schema.org\",\"@graph\":[{\"@type\":\"WebPage\",\"@id\":\"https:\/\/castroprojects.it\/eventi-library\/\",\"url\":\"https:\/\/castroprojects.it\/eventi-library\/\",\"name\":\"Library events | Castro Projects\",\"isPartOf\":{\"@id\":\"https:\/\/castroprojects.it\/#website\"},\"primaryImageOfPage\":{\"@id\":\"https:\/\/castroprojects.it\/eventi-library\/#primaryimage\"},\"image\":{\"@id\":\"https:\/\/castroprojects.it\/eventi-library\/#primaryimage\"},\"thumbnailUrl\":\"https:\/\/castroprojects.it\/wp-content\/uploads\/2024\/07\/15-2-650x650.jpg\",\"datePublished\":\"2024-04-15T13:19:11+00:00\",\"dateModified\":\"2024-07-18T16:17:06+00:00\",\"breadcrumb\":{\"@id\":\"https:\/\/castroprojects.it\/eventi-library\/#breadcrumb\"},\"inLanguage\":\"en-US\",\"potentialAction\":[{\"@type\":\"ReadAction\",\"target\":[\"https:\/\/castroprojects.it\/eventi-library\/\"]}]},{\"@type\":\"ImageObject\",\"inLanguage\":\"en-US\",\"@id\":\"https:\/\/castroprojects.it\/eventi-library\/#primaryimage\",\"url\":\"https:\/\/castroprojects.it\/wp-content\/uploads\/2024\/07\/15-2-650x650.jpg\",\"contentUrl\":\"https:\/\/castroprojects.it\/wp-content\/uploads\/2024\/07\/15-2-650x650.jpg\"},{\"@type\":\"BreadcrumbList\",\"@id\":\"https:\/\/castroprojects.it\/eventi-library\/#breadcrumb\",\"itemListElement\":[{\"@type\":\"ListItem\",\"position\":1,\"name\":\"Home\",\"item\":\"https:\/\/castroprojects.it\/en\/\"},{\"@type\":\"ListItem\",\"position\":2,\"name\":\"Library events\"}]},{\"@type\":\"WebSite\",\"@id\":\"https:\/\/castroprojects.it\/#website\",\"url\":\"https:\/\/castroprojects.it\/\",\"name\":\"Castro Projects\",\"description\":\"\",\"publisher\":{\"@id\":\"https:\/\/castroprojects.it\/#organization\"},\"alternateName\":\"Castro Project\",\"potentialAction\":[{\"@type\":\"SearchAction\",\"target\":{\"@type\":\"EntryPoint\",\"urlTemplate\":\"https:\/\/castroprojects.it\/?s={search_term_string}\"},\"query-input\":\"required name=search_term_string\"}],\"inLanguage\":\"en-US\"},{\"@type\":\"Organization\",\"@id\":\"https:\/\/castroprojects.it\/#organization\",\"name\":\"Castro Projects\",\"url\":\"https:\/\/castroprojects.it\/\",\"logo\":{\"@type\":\"ImageObject\",\"inLanguage\":\"en-US\",\"@id\":\"https:\/\/castroprojects.it\/#\/schema\/logo\/image\/\",\"url\":\"https:\/\/castroprojects.it\/wp-content\/uploads\/2024\/04\/Risorsa-3.svg\",\"contentUrl\":\"https:\/\/castroprojects.it\/wp-content\/uploads\/2024\/04\/Risorsa-3.svg\",\"width\":343,\"height\":68,\"caption\":\"Castro Projects\"},\"image\":{\"@id\":\"https:\/\/castroprojects.it\/#\/schema\/logo\/image\/\"}}]}<\/script>\n<!-- \/ Yoast SEO plugin. -->","yoast_head_json":{"title":"Library events | Castro Projects","robots":{"index":"index","follow":"follow","max-snippet":"max-snippet:-1","max-image-preview":"max-image-preview:large","max-video-preview":"max-video-preview:-1"},"canonical":"https:\/\/castroprojects.it\/eventi-library\/","og_locale":"en_US","og_type":"article","og_title":"Library events | Castro Projects","og_description":"Library Events Show All 2022 2024 23 Aprile 2024 Talk: Ahmet \u00d6\u011f\u00fct on Radical Pedagogy 15 Aprile 2024 19 Marzo 2024 &#8220;Ten Ticlkes, My Fancy&#8221; di Madison Bycroft","og_url":"https:\/\/castroprojects.it\/eventi-library\/","og_site_name":"Castro Projects","article_modified_time":"2024-07-18T16:17:06+00:00","og_image":[{"url":"https:\/\/castroprojects.it\/wp-content\/uploads\/2024\/07\/15-2-650x650.jpg"}],"twitter_card":"summary_large_image","twitter_misc":{"Est. reading time":"1 minute"},"schema":{"@context":"https:\/\/schema.org","@graph":[{"@type":"WebPage","@id":"https:\/\/castroprojects.it\/eventi-library\/","url":"https:\/\/castroprojects.it\/eventi-library\/","name":"Library events | Castro Projects","isPartOf":{"@id":"https:\/\/castroprojects.it\/#website"},"primaryImageOfPage":{"@id":"https:\/\/castroprojects.it\/eventi-library\/#primaryimage"},"image":{"@id":"https:\/\/castroprojects.it\/eventi-library\/#primaryimage"},"thumbnailUrl":"https:\/\/castroprojects.it\/wp-content\/uploads\/2024\/07\/15-2-650x650.jpg","datePublished":"2024-04-15T13:19:11+00:00","dateModified":"2024-07-18T16:17:06+00:00","breadcrumb":{"@id":"https:\/\/castroprojects.it\/eventi-library\/#breadcrumb"},"inLanguage":"en-US","potentialAction":[{"@type":"ReadAction","target":["https:\/\/castroprojects.it\/eventi-library\/"]}]},{"@type":"ImageObject","inLanguage":"en-US","@id":"https:\/\/castroprojects.it\/eventi-library\/#primaryimage","url":"https:\/\/castroprojects.it\/wp-content\/uploads\/2024\/07\/15-2-650x650.jpg","contentUrl":"https:\/\/castroprojects.it\/wp-content\/uploads\/2024\/07\/15-2-650x650.jpg"},{"@type":"BreadcrumbList","@id":"https:\/\/castroprojects.it\/eventi-library\/#breadcrumb","itemListElement":[{"@type":"ListItem","position":1,"name":"Home","item":"https:\/\/castroprojects.it\/en\/"},{"@type":"ListItem","position":2,"name":"Library events"}]},{"@type":"WebSite","@id":"https:\/\/castroprojects.it\/#website","url":"https:\/\/castroprojects.it\/","name":"Castro Projects","description":"","publisher":{"@id":"https:\/\/castroprojects.it\/#organization"},"alternateName":"Castro Project","potentialAction":[{"@type":"SearchAction","target":{"@type":"EntryPoint","urlTemplate":"https:\/\/castroprojects.it\/?s={search_term_string}"},"query-input":"required name=search_term_string"}],"inLanguage":"en-US"},{"@type":"Organization","@id":"https:\/\/castroprojects.it\/#organization","name":"Castro Projects","url":"https:\/\/castroprojects.it\/","logo":{"@type":"ImageObject","inLanguage":"en-US","@id":"https:\/\/castroprojects.it\/#\/schema\/logo\/image\/","url":"https:\/\/castroprojects.it\/wp-content\/uploads\/2024\/04\/Risorsa-3.svg","contentUrl":"https:\/\/castroprojects.it\/wp-content\/uploads\/2024\/04\/Risorsa-3.svg","width":343,"height":68,"caption":"Castro Projects"},"image":{"@id":"https:\/\/castroprojects.it\/#\/schema\/logo\/image\/"}}]}},"_links":{"self":[{"href":"https:\/\/castroprojects.it\/en\/wp-json\/wp\/v2\/pages\/10272","targetHints":{"allow":["GET"]}}],"collection":[{"href":"https:\/\/castroprojects.it\/en\/wp-json\/wp\/v2\/pages"}],"about":[{"href":"https:\/\/castroprojects.it\/en\/wp-json\/wp\/v2\/types\/page"}],"author":[{"embeddable":true,"href":"https:\/\/castroprojects.it\/en\/wp-json\/wp\/v2\/users\/1"}],"replies":[{"embeddable":true,"href":"https:\/\/castroprojects.it\/en\/wp-json\/wp\/v2\/comments?post=10272"}],"version-history":[{"count":13,"href":"https:\/\/castroprojects.it\/en\/wp-json\/wp\/v2\/pages\/10272\/revisions"}],"predecessor-version":[{"id":14028,"href":"https:\/\/castroprojects.it\/en\/wp-json\/wp\/v2\/pages\/10272\/revisions\/14028"}],"wp:attachment":[{"href":"https:\/\/castroprojects.it\/en\/wp-json\/wp\/v2\/media?parent=10272"}],"curies":[{"name":"wp","href":"https:\/\/api.w.org\/{rel}","templated":true}]}}