{"id":10315,"date":"2024-04-10T12:36:01","date_gmt":"2024-04-10T10:36:01","guid":{"rendered":"https:\/\/dev.castroprojects.it\/the-school-to-be-done\/"},"modified":"2024-07-11T19:39:27","modified_gmt":"2024-07-11T17:39:27","slug":"the-school-to-be-done","status":"publish","type":"page","link":"https:\/\/castroprojects.it\/en\/the-school-to-be-done\/","title":{"rendered":"THE SCHOOL TO BE DONE"},"content":{"rendered":"\t\t<div data-elementor-type=\"wp-page\" data-elementor-id=\"10315\" class=\"elementor elementor-10315 elementor-9245\" data-elementor-post-type=\"page\">\n\t\t\t\t<div class=\"elementor-element elementor-element-4ec5911 e-flex e-con-boxed qodef-elementor-content-no e-con e-parent\" data-id=\"4ec5911\" data-element_type=\"container\" data-settings=\"{&quot;background_background&quot;:&quot;video&quot;,&quot;background_video_link&quot;:&quot;https:\\\/\\\/www.youtube.com\\\/watch?v=H2i8o4pkKUM&amp;themeRefresh=1&quot;,&quot;background_play_on_mobile&quot;:&quot;yes&quot;}\" data-core-v316-plus=\"true\">\n\t\t\t\t\t<div class=\"e-con-inner\">\n\t\t<div class=\"elementor-background-video-container\">\n\t\t\t\t\t\t\t<div class=\"elementor-background-video-embed\"><\/div>\n\t\t\t\t\t\t<\/div>\t\t\t<\/div>\n\t\t\t\t<\/div>\n\t\t<div class=\"elementor-element elementor-element-3d3686f e-flex e-con-boxed qodef-elementor-content-no e-con e-parent\" data-id=\"3d3686f\" data-element_type=\"container\" data-core-v316-plus=\"true\">\n\t\t\t\t\t<div class=\"e-con-inner\">\n\t\t\t\t<div class=\"elementor-element elementor-element-836c4af elementor-widget elementor-widget-qi_addons_for_elementor_tabs_vertical\" data-id=\"836c4af\" data-element_type=\"widget\" data-widget_type=\"qi_addons_for_elementor_tabs_vertical.default\">\n\t\t\t\t<div class=\"elementor-widget-container\">\n\t\t\t<div class=\"qodef-shortcode qodef-m  qodef-qi-tabs-vertical qodef-qi-clear qodef-layout--simple qodef-responsive--680 qodef-title-hover--sideline-draw qodef-title-sideline-from-top\">\n\t<ul class=\"qodef-tabs-vertical-navigation\">\n\t\t<li>\n\t<h5 class=\"qodef-tab-title\" role=\"tab\">\n\t\t<a href=\"#qodef-tab-3694fc8\">\n\t\t\t<span class=\"q-text\">\n\t\t\t\tthe school to be done\t\t\t<\/span>\n\t\t<\/a>\n\t<\/h5>\n<\/li>\n\t<\/ul>\n\t<div class=\"qodef-tabs-vertical-content\" id=\"qodef-tab-3694fc8\">\n\t<span class=\"s1\">Dalla collaborazione tra\u00a0il Museo MACRO e CASTRO, nasce\u00a0THE SCHOOL TO BE DONE<i>:<\/i>\u00a0un seminario intensivo che si \u00e8 tenuto dal 4 al 13 aprile 2022 presso il MACRO, a cura di CASTRO in collaborazione con il\u00a0<i>Dipartimento per l\u2019Educazione Preventiva<\/i>.\u00a0 <br \/><br \/><\/span><span class=\"s1\">Alla sua prima edizione, il seminario intensivo\u00a0<i>THE SCHOOL TO BE DONE<\/i>\u00a0ha raccolto un gruppo di studenti provenienti dalle accademie e universit\u00e0 di tutta Italia intorno alla domanda\u00a0<\/span><span class=\"s4\">\u201cCome immagini il tuo corso ideale?\u201d.<\/span><span class=\"s1\">\u00a0<br \/><br \/>\u00a0<\/span><span class=\"s4\">Ad accompagnare i partecipanti nel loro percorso, attraverso un approccio sia pratico che teorico, sono stati quattro\u00a0<\/span><span class=\"s3\">artisti provenienti dal territorio nazionale ed internazionale e legati a diversi background educativi: il duo artistico\u00a0<\/span><span class=\"s1\">Bik Van der Pol<\/span><span class=\"s3\">\u00a0(composto da\u00a0<\/span><span class=\"s1\">Liesbeth Bik e Jos van der Pol) che ha fondato la School of Missing Studies (NL); Piero Golia, fondatore di The Mountain School of Art (US); Cesare Pietroiusti, coordinatore di Oreste e attualmente condirettore del Master MAP-PA a Roma (IT).\u00a0<br \/><br \/><\/span><span class=\"s1\">Il programma di\u00a0<i>THE SCHOOL TO BE DONE\u00a0<\/i>\u00e8 pensato per invitare il gruppo di lavoro a discutere e sperimentare, tramite un approccio non gerarchico ma di contaminazione tra partecipanti e tutor, intorno alla possibilit\u00e0 di re-immaginare i formati accademici come li conosciamo. Il seminario intensivo si prefigge infatti quale principale scopo il concepimento e di un nuovo corso di formazione accademica. <\/span><span class=\"s1\">Nell\u2019arco dei dieci giorni spesi insieme nella citt\u00e0 di Roma, ogni tutor ha accompagnato il gruppo di partecipanti attraverso un\u2019apposita sessione, guidata mediante il proprio personale approccio e narrazione della formazione sperimentale. Nell\u2019ambito del vivere comunitario, dello sviluppo di attivit\u00e0 laboratoriali, e di diverse esperienze durante ciascuna sessione, i partecipanti sono stati chiamati a creare un documento finale che descriva le caratteristiche del corso accademico pensato insieme. <br \/><br \/><\/span><span class=\"s1\">Come momento conclusivo delle attivit\u00e0 seminariali si \u00e8 tenuta una tavola rotonda presso il Museo MACRO dando la possibilit\u00e0 a partecipanti e tutor di discutere in via preliminare i temi presenti nell\u2019output concepito insieme, nonch\u00e9 un\u2019ulteriore momento di riflessione aperto al pubblico e di racconto intorno alle attivit\u00e0 e ai temi emersi durante il percorso svolto.<\/span><\/div>\n<\/div>\n\t\t<\/div>\n\t\t\t\t<\/div>\n\t\t\t\t<div class=\"elementor-element elementor-element-5b52776 elementor-widget elementor-widget-spacer\" data-id=\"5b52776\" data-element_type=\"widget\" data-widget_type=\"spacer.default\">\n\t\t\t\t<div class=\"elementor-widget-container\">\n\t\t\t<style>\/*! elementor - v3.20.0 - 26-03-2024 *\/\n.elementor-column .elementor-spacer-inner{height:var(--spacer-size)}.e-con{--container-widget-width:100%}.e-con-inner>.elementor-widget-spacer,.e-con>.elementor-widget-spacer{width:var(--container-widget-width,var(--spacer-size));--align-self:var(--container-widget-align-self,initial);--flex-shrink:0}.e-con-inner>.elementor-widget-spacer>.elementor-widget-container,.e-con>.elementor-widget-spacer>.elementor-widget-container{height:100%;width:100%}.e-con-inner>.elementor-widget-spacer>.elementor-widget-container>.elementor-spacer,.e-con>.elementor-widget-spacer>.elementor-widget-container>.elementor-spacer{height:100%}.e-con-inner>.elementor-widget-spacer>.elementor-widget-container>.elementor-spacer>.elementor-spacer-inner,.e-con>.elementor-widget-spacer>.elementor-widget-container>.elementor-spacer>.elementor-spacer-inner{height:var(--container-widget-height,var(--spacer-size))}.e-con-inner>.elementor-widget-spacer.elementor-widget-empty,.e-con>.elementor-widget-spacer.elementor-widget-empty{position:relative;min-height:22px;min-width:22px}.e-con-inner>.elementor-widget-spacer.elementor-widget-empty .elementor-widget-empty-icon,.e-con>.elementor-widget-spacer.elementor-widget-empty .elementor-widget-empty-icon{position:absolute;top:0;bottom:0;left:0;right:0;margin:auto;padding:0;width:22px;height:22px}<\/style>\t\t<div class=\"elementor-spacer\">\n\t\t\t<div class=\"elementor-spacer-inner\"><\/div>\n\t\t<\/div>\n\t\t\t\t<\/div>\n\t\t\t\t<\/div>\n\t\t\t\t\t<\/div>\n\t\t\t\t<\/div>\n\t\t\t\t<\/div>\n\t\t","protected":false},"excerpt":{"rendered":"<p>the school to be done Dalla collaborazione tra\u00a0il Museo MACRO e CASTRO, nasce\u00a0THE SCHOOL TO BE DONE:\u00a0un seminario intensivo che si \u00e8 tenuto dal 4 al 13 aprile 2022 presso il MACRO, a cura di CASTRO in collaborazione con il\u00a0Dipartimento per l\u2019Educazione Preventiva.\u00a0 Alla sua prima edizione, il seminario intensivo\u00a0THE SCHOOL TO BE DONE\u00a0ha raccolto [&hellip;]<\/p>\n","protected":false},"author":1,"featured_media":0,"parent":0,"menu_order":0,"comment_status":"closed","ping_status":"closed","template":"elementor_header_footer","meta":{"footnotes":""},"class_list":["post-10315","page","type-page","status-publish","hentry"],"yoast_head":"<!-- This site is optimized with the Yoast SEO plugin v22.7 - https:\/\/yoast.com\/wordpress\/plugins\/seo\/ -->\n<title>THE SCHOOL TO BE DONE | Castro Projects<\/title>\n<meta name=\"robots\" content=\"index, follow, max-snippet:-1, max-image-preview:large, max-video-preview:-1\" \/>\n<link rel=\"canonical\" href=\"https:\/\/castroprojects.it\/the-school-to-be-done\/\" \/>\n<meta property=\"og:locale\" content=\"en_US\" \/>\n<meta property=\"og:type\" content=\"article\" \/>\n<meta property=\"og:title\" content=\"THE SCHOOL TO BE DONE | Castro Projects\" \/>\n<meta property=\"og:description\" content=\"the school to be done Dalla collaborazione tra\u00a0il Museo MACRO e CASTRO, nasce\u00a0THE SCHOOL TO BE DONE:\u00a0un seminario intensivo che si \u00e8 tenuto dal 4 al 13 aprile 2022 presso il MACRO, a cura di CASTRO in collaborazione con il\u00a0Dipartimento per l\u2019Educazione Preventiva.\u00a0 Alla sua prima edizione, il seminario intensivo\u00a0THE SCHOOL TO BE DONE\u00a0ha raccolto [&hellip;]\" \/>\n<meta property=\"og:url\" content=\"https:\/\/castroprojects.it\/the-school-to-be-done\/\" \/>\n<meta property=\"og:site_name\" content=\"Castro Projects\" \/>\n<meta property=\"article:modified_time\" content=\"2024-07-11T17:39:27+00:00\" \/>\n<meta property=\"og:image\" content=\"https:\/\/castroprojects.it\/wp-content\/uploads\/2024\/04\/favicon.png\" \/>\n\t<meta property=\"og:image:width\" content=\"32\" \/>\n\t<meta property=\"og:image:height\" content=\"32\" \/>\n\t<meta property=\"og:image:type\" content=\"image\/png\" \/>\n<meta name=\"twitter:card\" content=\"summary_large_image\" \/>\n<meta name=\"twitter:label1\" content=\"Est. reading time\" \/>\n\t<meta name=\"twitter:data1\" content=\"2 minutes\" \/>\n<script type=\"application\/ld+json\" class=\"yoast-schema-graph\">{\"@context\":\"https:\/\/schema.org\",\"@graph\":[{\"@type\":\"WebPage\",\"@id\":\"https:\/\/castroprojects.it\/the-school-to-be-done\/\",\"url\":\"https:\/\/castroprojects.it\/the-school-to-be-done\/\",\"name\":\"THE SCHOOL TO BE DONE | Castro Projects\",\"isPartOf\":{\"@id\":\"https:\/\/castroprojects.it\/#website\"},\"datePublished\":\"2024-04-10T10:36:01+00:00\",\"dateModified\":\"2024-07-11T17:39:27+00:00\",\"breadcrumb\":{\"@id\":\"https:\/\/castroprojects.it\/the-school-to-be-done\/#breadcrumb\"},\"inLanguage\":\"en-US\",\"potentialAction\":[{\"@type\":\"ReadAction\",\"target\":[\"https:\/\/castroprojects.it\/the-school-to-be-done\/\"]}]},{\"@type\":\"BreadcrumbList\",\"@id\":\"https:\/\/castroprojects.it\/the-school-to-be-done\/#breadcrumb\",\"itemListElement\":[{\"@type\":\"ListItem\",\"position\":1,\"name\":\"Home\",\"item\":\"https:\/\/castroprojects.it\/en\/\"},{\"@type\":\"ListItem\",\"position\":2,\"name\":\"THE SCHOOL TO BE DONE\"}]},{\"@type\":\"WebSite\",\"@id\":\"https:\/\/castroprojects.it\/#website\",\"url\":\"https:\/\/castroprojects.it\/\",\"name\":\"Castro Projects\",\"description\":\"\",\"publisher\":{\"@id\":\"https:\/\/castroprojects.it\/#organization\"},\"alternateName\":\"Castro Project\",\"potentialAction\":[{\"@type\":\"SearchAction\",\"target\":{\"@type\":\"EntryPoint\",\"urlTemplate\":\"https:\/\/castroprojects.it\/?s={search_term_string}\"},\"query-input\":\"required name=search_term_string\"}],\"inLanguage\":\"en-US\"},{\"@type\":\"Organization\",\"@id\":\"https:\/\/castroprojects.it\/#organization\",\"name\":\"Castro Projects\",\"url\":\"https:\/\/castroprojects.it\/\",\"logo\":{\"@type\":\"ImageObject\",\"inLanguage\":\"en-US\",\"@id\":\"https:\/\/castroprojects.it\/#\/schema\/logo\/image\/\",\"url\":\"https:\/\/castroprojects.it\/wp-content\/uploads\/2024\/04\/Risorsa-3.svg\",\"contentUrl\":\"https:\/\/castroprojects.it\/wp-content\/uploads\/2024\/04\/Risorsa-3.svg\",\"width\":343,\"height\":68,\"caption\":\"Castro Projects\"},\"image\":{\"@id\":\"https:\/\/castroprojects.it\/#\/schema\/logo\/image\/\"}}]}<\/script>\n<!-- \/ Yoast SEO plugin. -->","yoast_head_json":{"title":"THE SCHOOL TO BE DONE | Castro Projects","robots":{"index":"index","follow":"follow","max-snippet":"max-snippet:-1","max-image-preview":"max-image-preview:large","max-video-preview":"max-video-preview:-1"},"canonical":"https:\/\/castroprojects.it\/the-school-to-be-done\/","og_locale":"en_US","og_type":"article","og_title":"THE SCHOOL TO BE DONE | Castro Projects","og_description":"the school to be done Dalla collaborazione tra\u00a0il Museo MACRO e CASTRO, nasce\u00a0THE SCHOOL TO BE DONE:\u00a0un seminario intensivo che si \u00e8 tenuto dal 4 al 13 aprile 2022 presso il MACRO, a cura di CASTRO in collaborazione con il\u00a0Dipartimento per l\u2019Educazione Preventiva.\u00a0 Alla sua prima edizione, il seminario intensivo\u00a0THE SCHOOL TO BE DONE\u00a0ha raccolto [&hellip;]","og_url":"https:\/\/castroprojects.it\/the-school-to-be-done\/","og_site_name":"Castro Projects","article_modified_time":"2024-07-11T17:39:27+00:00","og_image":[{"width":32,"height":32,"url":"https:\/\/castroprojects.it\/wp-content\/uploads\/2024\/04\/favicon.png","type":"image\/png"}],"twitter_card":"summary_large_image","twitter_misc":{"Est. reading time":"2 minutes"},"schema":{"@context":"https:\/\/schema.org","@graph":[{"@type":"WebPage","@id":"https:\/\/castroprojects.it\/the-school-to-be-done\/","url":"https:\/\/castroprojects.it\/the-school-to-be-done\/","name":"THE SCHOOL TO BE DONE | Castro Projects","isPartOf":{"@id":"https:\/\/castroprojects.it\/#website"},"datePublished":"2024-04-10T10:36:01+00:00","dateModified":"2024-07-11T17:39:27+00:00","breadcrumb":{"@id":"https:\/\/castroprojects.it\/the-school-to-be-done\/#breadcrumb"},"inLanguage":"en-US","potentialAction":[{"@type":"ReadAction","target":["https:\/\/castroprojects.it\/the-school-to-be-done\/"]}]},{"@type":"BreadcrumbList","@id":"https:\/\/castroprojects.it\/the-school-to-be-done\/#breadcrumb","itemListElement":[{"@type":"ListItem","position":1,"name":"Home","item":"https:\/\/castroprojects.it\/en\/"},{"@type":"ListItem","position":2,"name":"THE SCHOOL TO BE DONE"}]},{"@type":"WebSite","@id":"https:\/\/castroprojects.it\/#website","url":"https:\/\/castroprojects.it\/","name":"Castro Projects","description":"","publisher":{"@id":"https:\/\/castroprojects.it\/#organization"},"alternateName":"Castro Project","potentialAction":[{"@type":"SearchAction","target":{"@type":"EntryPoint","urlTemplate":"https:\/\/castroprojects.it\/?s={search_term_string}"},"query-input":"required name=search_term_string"}],"inLanguage":"en-US"},{"@type":"Organization","@id":"https:\/\/castroprojects.it\/#organization","name":"Castro Projects","url":"https:\/\/castroprojects.it\/","logo":{"@type":"ImageObject","inLanguage":"en-US","@id":"https:\/\/castroprojects.it\/#\/schema\/logo\/image\/","url":"https:\/\/castroprojects.it\/wp-content\/uploads\/2024\/04\/Risorsa-3.svg","contentUrl":"https:\/\/castroprojects.it\/wp-content\/uploads\/2024\/04\/Risorsa-3.svg","width":343,"height":68,"caption":"Castro Projects"},"image":{"@id":"https:\/\/castroprojects.it\/#\/schema\/logo\/image\/"}}]}},"_links":{"self":[{"href":"https:\/\/castroprojects.it\/en\/wp-json\/wp\/v2\/pages\/10315","targetHints":{"allow":["GET"]}}],"collection":[{"href":"https:\/\/castroprojects.it\/en\/wp-json\/wp\/v2\/pages"}],"about":[{"href":"https:\/\/castroprojects.it\/en\/wp-json\/wp\/v2\/types\/page"}],"author":[{"embeddable":true,"href":"https:\/\/castroprojects.it\/en\/wp-json\/wp\/v2\/users\/1"}],"replies":[{"embeddable":true,"href":"https:\/\/castroprojects.it\/en\/wp-json\/wp\/v2\/comments?post=10315"}],"version-history":[{"count":4,"href":"https:\/\/castroprojects.it\/en\/wp-json\/wp\/v2\/pages\/10315\/revisions"}],"predecessor-version":[{"id":13355,"href":"https:\/\/castroprojects.it\/en\/wp-json\/wp\/v2\/pages\/10315\/revisions\/13355"}],"wp:attachment":[{"href":"https:\/\/castroprojects.it\/en\/wp-json\/wp\/v2\/media?parent=10315"}],"curies":[{"name":"wp","href":"https:\/\/api.w.org\/{rel}","templated":true}]}}